{"id":10522,"date":"2024-07-15T21:13:06","date_gmt":"2024-07-15T21:13:06","guid":{"rendered":"https:\/\/beitsefer.org\/sinscrire\/"},"modified":"2024-07-15T21:13:06","modified_gmt":"2024-07-15T21:13:06","slug":"sinscrire","status":"publish","type":"page","link":"https:\/\/beitsefer.org\/fr\/sinscrire\/","title":{"rendered":"S&#8217;inscrire"},"content":{"rendered":"<p>[NULL]<\/p>\n<p>Sur BeitSefer.org, tout notre mat\u00e9riel d&#8217;\u00e9tude est gratuit et accessible au public. Vous n&#8217;avez pas besoin de vous inscrire pour t\u00e9l\u00e9charger et partager notre mat\u00e9riel.<\/p>\n","protected":false},"excerpt":{"rendered":"<p>[NULL] Sur BeitSefer.org, tout notre mat\u00e9riel d&#8217;\u00e9tude est gratuit et accessible au public. Vous n&#8217;avez pas besoin de vous inscrire pour t\u00e9l\u00e9charger et partager notre mat\u00e9riel.<\/p>\n","protected":false},"author":1,"featured_media":0,"parent":0,"menu_order":0,"comment_status":"closed","ping_status":"open","template":"","meta":{"footnotes":""},"tags":[],"class_list":["post-10522","page","type-page","status-publish","hentry"],"_links":{"self":[{"href":"https:\/\/beitsefer.org\/fr\/wp-json\/wp\/v2\/pages\/10522","targetHints":{"allow":["GET"]}}],"collection":[{"href":"https:\/\/beitsefer.org\/fr\/wp-json\/wp\/v2\/pages"}],"about":[{"href":"https:\/\/beitsefer.org\/fr\/wp-json\/wp\/v2\/types\/page"}],"author":[{"embeddable":true,"href":"https:\/\/beitsefer.org\/fr\/wp-json\/wp\/v2\/users\/1"}],"replies":[{"embeddable":true,"href":"https:\/\/beitsefer.org\/fr\/wp-json\/wp\/v2\/comments?post=10522"}],"version-history":[{"count":0,"href":"https:\/\/beitsefer.org\/fr\/wp-json\/wp\/v2\/pages\/10522\/revisions"}],"wp:attachment":[{"href":"https:\/\/beitsefer.org\/fr\/wp-json\/wp\/v2\/media?parent=10522"}],"wp:term":[{"taxonomy":"post_tag","embeddable":true,"href":"https:\/\/beitsefer.org\/fr\/wp-json\/wp\/v2\/tags?post=10522"}],"curies":[{"name":"wp","href":"https:\/\/api.w.org\/{rel}","templated":true}]}}