{"id":10498,"date":"2024-07-15T21:13:06","date_gmt":"2024-07-15T21:13:06","guid":{"rendered":"https:\/\/beitsefer.org\/?page_id=10498"},"modified":"2025-12-10T20:05:12","modified_gmt":"2025-12-10T20:05:12","slug":"a-propos-de-nous","status":"publish","type":"page","link":"https:\/\/beitsefer.org\/fr\/a-propos-de-nous\/","title":{"rendered":"\u00c0 Propos De Nous"},"content":{"rendered":"\n<div id=\"ez-toc-container\" class=\"ez-toc-v2_0_82_2 counter-hierarchy ez-toc-counter ez-toc-grey ez-toc-container-direction\">\n<div class=\"ez-toc-title-container\">\n<p class=\"ez-toc-title\" style=\"cursor:inherit\">Table of Contents<\/p>\n<span class=\"ez-toc-title-toggle\"><a href=\"#\" class=\"ez-toc-pull-right ez-toc-btn ez-toc-btn-xs ez-toc-btn-default ez-toc-toggle\" aria-label=\"Toggle Table of Content\"><span class=\"ez-toc-js-icon-con\"><span class=\"\"><span class=\"eztoc-hide\" style=\"display:none;\">Toggle<\/span><span class=\"ez-toc-icon-toggle-span\"><svg style=\"fill: #999;color:#999\" xmlns=\"http:\/\/www.w3.org\/2000\/svg\" class=\"list-377408\" width=\"20px\" height=\"20px\" viewBox=\"0 0 24 24\" fill=\"none\"><path d=\"M6 6H4v2h2V6zm14 0H8v2h12V6zM4 11h2v2H4v-2zm16 0H8v2h12v-2zM4 16h2v2H4v-2zm16 0H8v2h12v-2z\" fill=\"currentColor\"><\/path><\/svg><svg style=\"fill: #999;color:#999\" class=\"arrow-unsorted-368013\" xmlns=\"http:\/\/www.w3.org\/2000\/svg\" width=\"10px\" height=\"10px\" viewBox=\"0 0 24 24\" version=\"1.2\" baseProfile=\"tiny\"><path d=\"M18.2 9.3l-6.2-6.3-6.2 6.3c-.2.2-.3.4-.3.7s.1.5.3.7c.2.2.4.3.7.3h11c.3 0 .5-.1.7-.3.2-.2.3-.5.3-.7s-.1-.5-.3-.7zM5.8 14.7l6.2 6.3 6.2-6.3c.2-.2.3-.5.3-.7s-.1-.5-.3-.7c-.2-.2-.4-.3-.7-.3h-11c-.3 0-.5.1-.7.3-.2.2-.3.5-.3.7s.1.5.3.7z\"\/><\/svg><\/span><\/span><\/span><\/a><\/span><\/div>\n<nav><ul class='ez-toc-list ez-toc-list-level-1 eztoc-toggle-hide-by-default' ><li class='ez-toc-page-1 ez-toc-heading-level-2'><a class=\"ez-toc-link ez-toc-heading-1\" href=\"https:\/\/beitsefer.org\/fr\/a-propos-de-nous\/#Welcome_to_Beit_Sefer\" >Welcome to Beit&nbsp;Sefer&nbsp;<\/a><ul class='ez-toc-list-level-3' ><li class='ez-toc-heading-level-3'><a class=\"ez-toc-link ez-toc-heading-2\" href=\"https:\/\/beitsefer.org\/fr\/a-propos-de-nous\/#Selon_le_Livre\" >Selon le Livre\u00a0<\/a><\/li><li class='ez-toc-page-1 ez-toc-heading-level-3'><a class=\"ez-toc-link ez-toc-heading-3\" href=\"https:\/\/beitsefer.org\/fr\/a-propos-de-nous\/#Accueillir\" >Accueillir<\/a><\/li><\/ul><\/li><\/ul><\/nav><\/div>\n<h2 class=\"wp-block-heading\"><span class=\"ez-toc-section\" id=\"Welcome_to_Beit_Sefer\"><\/span><b>Welcome to Beit&nbsp;Sefer<\/b>&nbsp;<span class=\"ez-toc-section-end\"><\/span><\/h2>\n\n\n\n<div style=\"height:24px\" aria-hidden=\"true\" class=\"wp-block-spacer\"><\/div>\n\n\n\n<p>Beth Sefer est un projet pour les enfants de l&#8217;Isra\u00ebl nazar\u00e9en, la foi apostolique originelle, comme mentionn\u00e9 dans les \u00c9critures dans Actes 24:5 et 28:22.<\/p>\n\n\n\n<blockquote class=\"wp-block-quote is-layout-flow wp-block-quote-is-layout-flow\">\n<p><strong>Ma\u2019asei (Actes) 24:5\u00a0<\/strong><br>5 Nous avons d\u00e9couvert que cet homme est une peste; il provoque des r\u00e9voltes parmi tous les Juifs du monde. C&#8217;est un chef de la secte des Nazar\u00e9ens,<\/p>\n<\/blockquote>\n\n\n\n<p>Chaque jour, de plus en plus de chr\u00e9tiens fervents prennent conscience que le Messie jud\u00e9o-isra\u00e9lite (Yeshoua, aussi appel\u00e9 J\u00e9sus par beaucoup) n&#8217;est pas venu pour instaurer une nouvelle religion ni pour remplacer Isra\u00ebl par le syst\u00e8me eccl\u00e9sial chr\u00e9tien. Nazarene Israel est notre effort pour r\u00e9tablir la foi originelle du premier si\u00e8cle en \u00e9tudiant les \u00c9critures et en appliquant Son exemple \u00e0 nous-m\u00eames, comme l&#8217;\u00c9criture nous le dit.\u00a0<\/p>\n\n\n\n<blockquote class=\"wp-block-quote is-layout-flow wp-block-quote-is-layout-flow\">\n<p><br><strong>Yehudah (Jude) 1:3<\/strong><br>3 Bien-aim\u00e9s, alors que j&#8217;avais le vif d\u00e9sir de vous \u00e9crire au sujet du salut qui nous est commun, j&#8217;ai \u00e9t\u00e9 contraint de vous envoyer cette lettre afin de vous encourager \u00e0 combattre pour la foi transmise aux saints une fois pour toutes.\u00a0<\/p>\n<\/blockquote>\n\n\n\n<p>On nous dit que la fin des temps sera chaotique et que beaucoup essaieront de nous tromper.<\/p>\n\n\n\n<blockquote class=\"wp-block-quote is-layout-flow wp-block-quote-is-layout-flow\">\n<p><strong>Marqaus (Marc) 13:22-23<\/strong><br>22 car de pr\u00e9tendus messies et de pr\u00e9tendus proph\u00e8tes surgiront; ils feront des prodiges et des signes miraculeux pour tromper, si c&#8217;\u00e9tait possible, [m\u00eame] ceux qui ont \u00e9t\u00e9 choisis. 23 Soyez sur vos gardes: je vous ai tout annonc\u00e9 d&#8217;avance.\u00a0<\/p>\n<\/blockquote>\n\n\n\n<p>C&#8217;est pourquoi, en pensant aux g\u00e9n\u00e9rations futures et \u00e0 l&#8217;\u00e9ducation des enfants de Yahweh dans la foi originelle, nous avons cr\u00e9\u00e9 le Beth Sefer, destin\u00e9 \u00e0 partager et \u00e0 cr\u00e9er des enseignements bibliques pour toute la famille, et en particulier pour les enfants, purs de toute doctrine et de toute erreur. Les s\u0153urs et fr\u00e8res nazar\u00e9ens partagent et cr\u00e9ent tout le mat\u00e9riel p\u00e9dagogique doctrinalement pur pour nos enfants, et nous souhaitons \u00e9galement b\u00e9nir tous les parents nazar\u00e9ens dans cette vision.\u00a0<\/p>\n\n\n\n<div style=\"height:24px\" aria-hidden=\"true\" class=\"wp-block-spacer\"><\/div>\n\n\n\n<h3 class=\"wp-block-heading\"><span class=\"ez-toc-section\" id=\"Selon_le_Livre\"><\/span><b><strong>Selon le Livre<\/strong><\/b>\u00a0<span class=\"ez-toc-section-end\"><\/span><\/h3>\n\n\n\n<p><\/p>\n\n\n\n<p>Bien qu&#8217;il existe de nombreux minist\u00e8res de racines h\u00e9bra\u00efques, ce qui distingue Nazarene Israel est notre concentration sur l&#8217;ob\u00e9issance \u00e0 la Parole \u00e9crite, sans y ajouter ni en retrancher.\u00a0<\/p>\n\n\n\n<blockquote class=\"wp-block-quote is-layout-flow wp-block-quote-is-layout-flow\">\n<p><strong>TimaTheus Bet (2 Timoth\u00e9e) 2:5<\/strong><br>5 L&#8217;athl\u00e8te n&#8217;est pas couronn\u00e9 s&#8217;il n&#8217;a pas lutt\u00e9 en respectant les r\u00e8gles.\u00a0<\/p>\n<\/blockquote>\n\n\n\n<p>C\u2019est l\u2019une des raisons pour lesquelles nous faisons des \u00e9tudes, afin que ceux qui poss\u00e8dent l\u2019Esprit de V\u00e9rit\u00e9 de Yeshua sachent comment utiliser correctement Sa parole de v\u00e9rit\u00e9.<\/p>\n\n\n\n<blockquote class=\"wp-block-quote is-layout-flow wp-block-quote-is-layout-flow\">\n<p><strong>TimaTheus Bet (2 Timoth\u00e9e) 2:15<\/strong><br>15 Efforce-toi de te pr\u00e9senter devant Elohim comme un homme qui a fait ses preuves, un ouvrier qui n&#8217;a pas \u00e0 rougir mais qui expose avec droiture la parole de la v\u00e9rit\u00e9.<\/p>\n<\/blockquote>\n\n\n\n<div style=\"height:24px\" aria-hidden=\"true\" class=\"wp-block-spacer\"><\/div>\n\n\n\n<figure class=\"wp-block-image size-large\"><img decoding=\"async\" width=\"1024\" height=\"754\" src=\"https:\/\/beitsefer.org\/wp-content\/uploads\/2024\/08\/44_Ac_02_03_RG-1024x754.jpg\" alt=\"\" class=\"wp-image-2733\" srcset=\"https:\/\/beitsefer.org\/wp-content\/uploads\/2024\/08\/44_Ac_02_03_RG-1024x754.jpg 1024w, https:\/\/beitsefer.org\/wp-content\/uploads\/2024\/08\/44_Ac_02_03_RG-300x221.jpg 300w, https:\/\/beitsefer.org\/wp-content\/uploads\/2024\/08\/44_Ac_02_03_RG-768x566.jpg 768w, https:\/\/beitsefer.org\/wp-content\/uploads\/2024\/08\/44_Ac_02_03_RG-1536x1131.jpg 1536w, https:\/\/beitsefer.org\/wp-content\/uploads\/2024\/08\/44_Ac_02_03_RG.jpg 2000w\" sizes=\"(max-width: 1024px) 100vw, 1024px\" \/><\/figure>\n\n\n\n<div style=\"height:24px\" aria-hidden=\"true\" class=\"wp-block-spacer\"><\/div>\n\n\n\n<p>Nous croyons que si nous ob\u00e9issons \u00e0 Ses commandement de pers\u00e9v\u00e9rer, il nous pr\u00e9servera de la tribulation qui s\u2019abattra bient\u00f4t sur la terre.<\/p>\n\n\n\n<blockquote class=\"wp-block-quote is-layout-flow wp-block-quote-is-layout-flow\">\n<p><strong>Hitgalut (Apocalypse) 3:10<\/strong><br>10 Parce que tu as gard\u00e9 mon ordre de pers\u00e9v\u00e9rer, je te garderai aussi \u00e0 l&#8217;heure de la tentation qui va venir sur le monde entier pour mettre \u00e0 l&#8217;\u00e9preuve les habitants de la terre.<\/p>\n<\/blockquote>\n\n\n\n<p>\u00c0 Nazarene Israel, nous \u00e9tudions l\u2019Apocalypse depuis des ann\u00e9es comme mod\u00e8le pour les Temps de la fin. Ceux qui souhaitent conna\u00eetre l\u2019avenir sont invit\u00e9s \u00e0 consulter notre \u00e9tude sur l&#8217;Apocalypse et les Temps de la fin.<br><\/p>\n\n\n\n<p><b><strong>Les r\u00e8gles d\u2019Actes 15<\/strong><\/b>\u00a0<\/p>\n\n\n\n<p>Comme nous l&#8217;avons expliqu\u00e9 dans nos \u00e9tudes, Actes 15 est tr\u00e8s mal compris. C&#8217;est dans ce livre que les ap\u00f4tres ont d\u00e9cr\u00e9t\u00e9 que ceux qui avaient re\u00e7u l&#8217;Esprit de Yeshoua pouvaient entrer dans les synagogues s&#8217;ils ob\u00e9issaient d&#8217;abord \u00e0 quatre pr\u00e9ceptes cl\u00e9s de la Loi de Mo\u00efse (Torah) :<\/p>\n\n\n\n<p><\/p>\n\n\n\n<ul class=\"wp-block-list\">\n<li>Pas d\u2019idolatrie<\/li>\n\n\n\n<li>Pas d\u2019immoralit\u00e9 sexuelle (y compris le divorce injuste)<\/li>\n\n\n\n<li>Pas de viande \u00e9trangl\u00e9e (ou impure) (L\u00e9vitique 11)<\/li>\n\n\n\n<li>Ne pas manger de sang<\/li>\n<\/ul>\n\n\n\n<p><\/p>\n\n\n\n<p>Les ap\u00f4tres ont d\u00e9cr\u00e9t\u00e9 que, si les nouveaux convertis ob\u00e9issaient \u00e0 ces quatre principes de la Torah, ils pouvaient entrer dans les synagogues, nouer des relations avec le reste du corps et apprendre progressivement le reste de la Torah. M\u00eame dans l&#8217;ordre de Melchis\u00e9dek, cela exige que nous entrions dans une relation de droit financier avec les serviteurs spirituels de l&#8217;assembl\u00e9e (d\u00eemes, dons et offrandes).\u00a0<\/p>\n\n\n\n<blockquote class=\"wp-block-quote is-layout-flow wp-block-quote-is-layout-flow\">\n<p><strong>Qorintim Aleph (1 Corinthiens) 9:11<\/strong><br>11 Si nous avons sem\u00e9 pour vous les biens spirituels, est-ce trop si nous r\u00e9coltons une part de vos biens mat\u00e9riels ?\u00a0<\/p>\n<\/blockquote>\n\n\n\n<p>L&#8217;objectif est une relation o\u00f9 chacun contribue \u00e0 la r\u00e9alisation de la Grande Mission de faire des disciples de toutes les nations, ordonn\u00e9e par Yeshoua le Messie. Chacun contribue, et tous ceux qui contribuent re\u00e7oivent leurs b\u00e9n\u00e9dictions pour leur fid\u00e9lit\u00e9 \u00e0 Yahweh.\u00a0<\/p>\n\n\n\n<blockquote class=\"wp-block-quote is-layout-flow wp-block-quote-is-layout-flow\">\n<p><strong>Eph\u00e9siens 4:16 16<\/strong><br>C&#8217;est de lui que le corps tout entier, bien coordonn\u00e9 et solidement uni gr\u00e2ce aux articulations dont il est muni, tire sa croissance en fonction de l&#8217;activit\u00e9 qui convient \u00e0 chacune de ses parties et s&#8217;\u00e9difie lui-m\u00eame dans l&#8217;amour.<\/p>\n<\/blockquote>\n\n\n\n<div style=\"height:24px\" aria-hidden=\"true\" class=\"wp-block-spacer\"><\/div>\n\n\n\n<h3 class=\"wp-block-heading\"><span class=\"ez-toc-section\" id=\"Accueillir\"><\/span><strong>Accueillir<\/strong><span class=\"ez-toc-section-end\"><\/span><\/h3>\n\n\n\n<p class=\"has-text-align-center\">Si vous voulez pratiquer la m\u00eame foi que le Messie Yeshoua a enseign\u00e9 \u00e0 ses ap\u00f4tres, et si vous voulez aider son sacerdoce \u00e0 r\u00e9pandre la Bonne Nouvelle aux quatre coins de la terre, alors bienvenue au Beth Sefer de Nazarene Israel.<\/p>\n\n\n\n<div style=\"height:24px\" aria-hidden=\"true\" class=\"wp-block-spacer\"><\/div>\n\n\n<div class=\"wp-block-image\">\n<figure class=\"aligncenter size-large is-resized\"><img decoding=\"async\" width=\"1024\" height=\"225\" src=\"https:\/\/beitsefer.org\/wp-content\/uploads\/2025\/12\/Logo-white-fr-1024x225.png\" alt=\"\" class=\"wp-image-10500\" style=\"width:592px;height:auto\" srcset=\"https:\/\/beitsefer.org\/wp-content\/uploads\/2025\/12\/Logo-white-fr-1024x225.png 1024w, https:\/\/beitsefer.org\/wp-content\/uploads\/2025\/12\/Logo-white-fr-300x66.png 300w, https:\/\/beitsefer.org\/wp-content\/uploads\/2025\/12\/Logo-white-fr-768x169.png 768w, https:\/\/beitsefer.org\/wp-content\/uploads\/2025\/12\/Logo-white-fr-1536x338.png 1536w, https:\/\/beitsefer.org\/wp-content\/uploads\/2025\/12\/Logo-white-fr-2048x450.png 2048w, https:\/\/beitsefer.org\/wp-content\/uploads\/2025\/12\/Logo-white-fr-1200x264.png 1200w, https:\/\/beitsefer.org\/wp-content\/uploads\/2025\/12\/Logo-white-fr-600x132.png 600w\" sizes=\"(max-width: 1024px) 100vw, 1024px\" \/><\/figure>\n<\/div>\n\n\n<p><\/p>\n","protected":false},"excerpt":{"rendered":"<p>Welcome to Beit&nbsp;Sefer&nbsp; Beth Sefer est un projet pour les enfants de l&#8217;Isra\u00ebl nazar\u00e9en, la foi apostolique originelle, comme mentionn\u00e9 dans les \u00c9critures dans Actes 24:5 et 28:22. Ma\u2019asei (Actes) 24:5\u00a05 Nous avons d\u00e9couvert que cet homme est une peste; il provoque des r\u00e9voltes parmi tous les Juifs du monde. C&#8217;est un chef de la [&hellip;]<\/p>\n","protected":false},"author":1,"featured_media":10500,"parent":0,"menu_order":0,"comment_status":"closed","ping_status":"open","template":"","meta":{"footnotes":""},"tags":[],"class_list":["post-10498","page","type-page","status-publish","has-post-thumbnail","hentry"],"_links":{"self":[{"href":"https:\/\/beitsefer.org\/fr\/wp-json\/wp\/v2\/pages\/10498","targetHints":{"allow":["GET"]}}],"collection":[{"href":"https:\/\/beitsefer.org\/fr\/wp-json\/wp\/v2\/pages"}],"about":[{"href":"https:\/\/beitsefer.org\/fr\/wp-json\/wp\/v2\/types\/page"}],"author":[{"embeddable":true,"href":"https:\/\/beitsefer.org\/fr\/wp-json\/wp\/v2\/users\/1"}],"replies":[{"embeddable":true,"href":"https:\/\/beitsefer.org\/fr\/wp-json\/wp\/v2\/comments?post=10498"}],"version-history":[{"count":0,"href":"https:\/\/beitsefer.org\/fr\/wp-json\/wp\/v2\/pages\/10498\/revisions"}],"wp:featuredmedia":[{"embeddable":true,"href":"https:\/\/beitsefer.org\/fr\/wp-json\/wp\/v2\/media\/10500"}],"wp:attachment":[{"href":"https:\/\/beitsefer.org\/fr\/wp-json\/wp\/v2\/media?parent=10498"}],"wp:term":[{"taxonomy":"post_tag","embeddable":true,"href":"https:\/\/beitsefer.org\/fr\/wp-json\/wp\/v2\/tags?post=10498"}],"curies":[{"name":"wp","href":"https:\/\/api.w.org\/{rel}","templated":true}]}}