{"id":6030,"date":"2024-07-15T21:13:06","date_gmt":"2024-07-15T21:13:06","guid":{"rendered":"https:\/\/stickofephraim.org\/?page_id=6030"},"modified":"2024-08-08T20:21:57","modified_gmt":"2024-08-08T20:21:57","slug":"politica-de-privacidad","status":"publish","type":"page","link":"https:\/\/beitsefer.org\/es\/politica-de-privacidad\/","title":{"rendered":"Pol\u00edtica de Privacidad"},"content":{"rendered":"<p><strong>Beit Sefer <\/strong>(de<strong> Nazarene Israel<\/strong>, nazareneisrael.com, nazareneisrael.org\/es, nazareneisrael.org\/pt, beitsefer.org ) comprende sus inquietudes sobre la privacidad y c\u00f3mo se utiliza y protege su informaci\u00f3n, y nos comprometemos a respetar los derechos de privacidad de todas los usuarios de cualquier de las p\u00e1ginas web de Nazarene Israel.<\/p>\n<p>Tenga en cuenta que esta Pol\u00edtica de Privacidad se aplica \u00fanicamente a nuestras pr\u00e1cticas de recopilaci\u00f3n y difusi\u00f3n de informaci\u00f3n en l\u00ednea, y no se aplica a ninguna de nuestras pr\u00e1cticas realizadas fuera de l\u00ednea.<\/p>\n<p>Al visitar el sitio web, usted acepta las pr\u00e1cticas y pol\u00edticas que se describen a continuaci\u00f3n y, adem\u00e1s, indica que acepta estar sujeto a los t\u00e9rminos de esta Pol\u00edtica de privacidad. Si no est\u00e1 de acuerdo con los t\u00e9rminos de esta Pol\u00edtica de Privacidad, no visite ni utilice el sitio web.<\/p>\n<p>Nazarene Israel no vende ni comparte su informaci\u00f3n personal con terceros.<\/p>\n<p>Es posible que actualicemos esta Pol\u00edtica de privacidad de vez en cuando, as\u00ed que verifique esta Pol\u00edtica de privacidad peri\u00f3dicamente para ver los cambios.<\/p>\n<p>&nbsp;<\/p>\n<div id=\"ez-toc-container\" class=\"ez-toc-v2_0_82_2 counter-hierarchy ez-toc-counter ez-toc-grey ez-toc-container-direction\">\n<div class=\"ez-toc-title-container\">\n<p class=\"ez-toc-title\" style=\"cursor:inherit\">\u00cdndice<\/p>\n<span class=\"ez-toc-title-toggle\"><a href=\"#\" class=\"ez-toc-pull-right ez-toc-btn ez-toc-btn-xs ez-toc-btn-default ez-toc-toggle\" aria-label=\"Alternar tabla de contenidos\"><span class=\"ez-toc-js-icon-con\"><span class=\"\"><span class=\"eztoc-hide\" style=\"display:none;\">Toggle<\/span><span class=\"ez-toc-icon-toggle-span\"><svg style=\"fill: #999;color:#999\" xmlns=\"http:\/\/www.w3.org\/2000\/svg\" class=\"list-377408\" width=\"20px\" height=\"20px\" viewBox=\"0 0 24 24\" fill=\"none\"><path d=\"M6 6H4v2h2V6zm14 0H8v2h12V6zM4 11h2v2H4v-2zm16 0H8v2h12v-2zM4 16h2v2H4v-2zm16 0H8v2h12v-2z\" fill=\"currentColor\"><\/path><\/svg><svg style=\"fill: #999;color:#999\" class=\"arrow-unsorted-368013\" xmlns=\"http:\/\/www.w3.org\/2000\/svg\" width=\"10px\" height=\"10px\" viewBox=\"0 0 24 24\" version=\"1.2\" baseProfile=\"tiny\"><path d=\"M18.2 9.3l-6.2-6.3-6.2 6.3c-.2.2-.3.4-.3.7s.1.5.3.7c.2.2.4.3.7.3h11c.3 0 .5-.1.7-.3.2-.2.3-.5.3-.7s-.1-.5-.3-.7zM5.8 14.7l6.2 6.3 6.2-6.3c.2-.2.3-.5.3-.7s-.1-.5-.3-.7c-.2-.2-.4-.3-.7-.3h-11c-.3 0-.5.1-.7.3-.2.2-.3.5-.3.7s.1.5.3.7z\"\/><\/svg><\/span><\/span><\/span><\/a><\/span><\/div>\n<nav><ul class='ez-toc-list ez-toc-list-level-1 eztoc-toggle-hide-by-default' ><li class='ez-toc-page-1 ez-toc-heading-level-2'><a class=\"ez-toc-link ez-toc-heading-1\" href=\"https:\/\/beitsefer.org\/es\/politica-de-privacidad\/#Informacion_personal_que_usted_proporciona_y_como_se_utiliza\" >Informaci\u00f3n personal que usted proporciona y c\u00f3mo se utiliza:<\/a><\/li><li class='ez-toc-page-1 ez-toc-heading-level-2'><a class=\"ez-toc-link ez-toc-heading-2\" href=\"https:\/\/beitsefer.org\/es\/politica-de-privacidad\/#Cookies\" >Cookies:<\/a><\/li><li class='ez-toc-page-1 ez-toc-heading-level-2'><a class=\"ez-toc-link ez-toc-heading-3\" href=\"https:\/\/beitsefer.org\/es\/politica-de-privacidad\/#Uso_de_su_informacion\" >Uso de su informaci\u00f3n:<\/a><ul class='ez-toc-list-level-3' ><li class='ez-toc-heading-level-3'><a class=\"ez-toc-link ez-toc-heading-4\" href=\"https:\/\/beitsefer.org\/es\/politica-de-privacidad\/#E-mail\" >E-mail:<\/a><\/li><\/ul><\/li><li class='ez-toc-page-1 ez-toc-heading-level-2'><a class=\"ez-toc-link ez-toc-heading-5\" href=\"https:\/\/beitsefer.org\/es\/politica-de-privacidad\/#El_derecho_de_acceder_rectificar_borrar_y_retirar_su_consentimiento\" >El derecho de acceder, rectificar, borrar y retirar su consentimiento:<\/a><ul class='ez-toc-list-level-3' ><li class='ez-toc-heading-level-3'><a class=\"ez-toc-link ez-toc-heading-6\" href=\"https:\/\/beitsefer.org\/es\/politica-de-privacidad\/#Retencion_de_datos\" >Retenci\u00f3n de datos<\/a><\/li><\/ul><\/li><li class='ez-toc-page-1 ez-toc-heading-level-2'><a class=\"ez-toc-link ez-toc-heading-7\" href=\"https:\/\/beitsefer.org\/es\/politica-de-privacidad\/#Privacidad_de_los_ninosnota_para_los_padres_de_ninos_que_residen_en_el_EEUU_suiza_y_el_reino_unido\" >Privacidad de los ni\u00f1os\/nota para los padres de ni\u00f1os que residen en el EEUU, suiza y el reino unido.<\/a><\/li><li class='ez-toc-page-1 ez-toc-heading-level-2'><a class=\"ez-toc-link ez-toc-heading-8\" href=\"https:\/\/beitsefer.org\/es\/politica-de-privacidad\/#Seguridad\" >Seguridad:<\/a><ul class='ez-toc-list-level-3' ><li class='ez-toc-heading-level-3'><a class=\"ez-toc-link ez-toc-heading-9\" href=\"https:\/\/beitsefer.org\/es\/politica-de-privacidad\/#Cambios_a_esta_politica_de_privacidad\" >Cambios a esta pol\u00edtica de privacidad<\/a><\/li><\/ul><\/li><li class='ez-toc-page-1 ez-toc-heading-level-2'><a class=\"ez-toc-link ez-toc-heading-10\" href=\"https:\/\/beitsefer.org\/es\/politica-de-privacidad\/#Como_contactarnos\" >C\u00f3mo contactarnos<\/a><\/li><\/ul><\/nav><\/div>\n<h2><span class=\"ez-toc-section\" id=\"Informacion_personal_que_usted_proporciona_y_como_se_utiliza\"><\/span>Informaci\u00f3n personal que usted proporciona y c\u00f3mo se utiliza:<span class=\"ez-toc-section-end\"><\/span><\/h2>\n<p>Nuestros sitios web registran informaci\u00f3n de identificaci\u00f3n personal (como nombre, direcci\u00f3n, direcci\u00f3n de correo electr\u00f3nico, n\u00famero telef\u00f3nico y\/o informaci\u00f3n de tarjeta de cr\u00e9dito\/d\u00e9bito) y otra informaci\u00f3n general que usted voluntariamente nos proporciona. Excepto por los formularios que proporcionamos para transmitir informaci\u00f3n, por favor no nos env\u00ede informaci\u00f3n sensible o confidencial directamente a trav\u00e9s del sitio web o correo electr\u00f3nico de contacto que figuran en el sitio web.<\/p>\n<p>Cuando usted llega a nuestro contenido a trav\u00e9s de los servicios de medios sociales o por otras plataformas tales como Facebook, X o por otros plugin, integraciones o aplicaciones de los medios sociales, es posible que usted pueda permitirnos acceder a cierta informaci\u00f3n en su perfil. Esto puede incluir su nombre, direcci\u00f3n de correo electr\u00f3nico, foto, g\u00e9nero, cumplea\u00f1os, ubicaci\u00f3n, e ID asociado con la plataforma o archivos del usuario en la cuenta de medio social y otras plataformas, plugin, integraciones o aplicaciones que manejen su informaci\u00f3n. Por favor consulte sus respectivas pol\u00edticas de privacidad y t\u00e9rminos de uso, lo cual le puede permitir modificar su configuraci\u00f3n de privacidad.<\/p>\n<p>Ejemplos de casos en que recopilamos informaci\u00f3n de usted incluyen:<\/p>\n<p><strong>Si realiza una donaci\u00f3n<\/strong> a trav\u00e9s del sitio web mediante el bot\u00f3n &#8220;support&#8221;, se le pedir\u00e1 que proporcione cierta informaci\u00f3n de identificaci\u00f3n personal, como su nombre correo electr\u00f3nico, pa\u00eds, as\u00ed como la informaci\u00f3n financiera ( actualmente PayPal es quien recopila sus datos) para poder procesar la donaci\u00f3n. A menos que opte por donarnos mensualmente, la informaci\u00f3n que proporcione en el momento de la donaci\u00f3n se utilizar\u00e1 \u00fanicamente para procesar su donaci\u00f3n y no se almacenar\u00e1 ni utilizar\u00e1 para ning\u00fan otro prop\u00f3sito.<\/p>\n<p><strong>Bolet\u00edn informativo por correo electr\u00f3nico<\/strong>: Si opta por recibir nuestro bolet\u00edn electr\u00f3nico, se le pedir\u00e1 que proporcione su nombre y direcci\u00f3n de correo electr\u00f3nico. Puede darse de baja de estos correos electr\u00f3nicos en cualquier momento utilizando el enlace que se encuentra en el pie de p\u00e1gina de todos los correos electr\u00f3nicos.\u00a0 Si se inscribe y no recibe estos correos, por favor revise su carpeta de Spam en su correo electr\u00f3nico y se\u00f1\u00e1lenos como correos seguros.<\/p>\n<p><strong>Formulario de Contacto<\/strong>: Si se comunica con nosotros a trav\u00e9s de la opci\u00f3n de formulario de contacto en el sitio web, le pediremos que proporcione su nombre y direcci\u00f3n de correo electr\u00f3nico, y tendr\u00e1 la opci\u00f3n de proporcionarnos informaci\u00f3n adicional en su comunicaci\u00f3n con nosotros. Utilizaremos la informaci\u00f3n que nos proporcione para comunicarnos con usted y responder a sus consultas.<\/p>\n<p>Parte de esta informaci\u00f3n se recopila mediante el uso de servicios de seguimiento de terceros, que incluyen Google Analytics. La informaci\u00f3n recopilada puede incluir informaci\u00f3n de uso, como el n\u00famero y la frecuencia de los usuarios em el sitio web, las p\u00e1ginas visitadas dentro de nuestro sitio web, las actividades y b\u00fasquedas dentro del sitio web y datos similares. Cuando se recopilan, estos datos, si se utilizan, se utilizan en conjunto y no de una manera que pretenda identificarlo personalmente. Este tipo de informaci\u00f3n agregada puede ser compartida con terceros en cualquier momento.<\/p>\n<h2><span class=\"ez-toc-section\" id=\"Cookies\"><\/span><strong>Cookies:<\/strong><span class=\"ez-toc-section-end\"><\/span><\/h2>\n<p>Utilizamos \u201ccookies\u201d, que son peque\u00f1os conjuntos de informaci\u00f3n guardada en su computadora en conexi\u00f3n con su uso de nuestro sitio web. Utilizamos cookies para almacenar temporalmente informaci\u00f3n individual del usuario respecto a su uso de este sitio y su identificaci\u00f3n de usuario. Tambi\u00e9n podemos utilizar informaci\u00f3n recolectada por los cookies para prop\u00f3sitos editoriales y nunca para prop\u00f3sitos publicitarios. Nosotros no controlamos ni somos responsables por el uso de cookies u otros identificadores por terceros a nuestro sitio web.<\/p>\n<p>La mayor\u00eda de los navegadores web est\u00e1n configurados para aceptar cookies. Usted puede configurar su navegador para que le advierta antes de aceptar ciertos cookies o para que se niegue a aceptar ciertos cookies. Sin embargo, si desactiva el uso de cookies en su navegador web, algunas caracter\u00edsticas de los Servicios ser\u00e1n dif\u00edciles de operar o inutilizables.<\/p>\n<p>Desactivar Cookies: Si usted desea desactivar cookies puede hacerlo a trav\u00e9s de sus opciones de navegador web. Las instrucciones para hacer esto y para el control de otros aspectos de los cookies puede encontrarlas en los respectivos sitios web de los navegadores. Alternativamente, para desactivarlas usted puede usar los recursos que se encuentran en el sitio <a href=\"http:\/\/www.networkadvertising.org\/choices\" target=\"_blank\" rel=\"noopener\">http:\/\/www.networkadvertising.org\/choices<\/a><\/p>\n<p>Por favor, tenga en cuenta que su navegador web puede no permitirle bloquear el uso de estas t\u00e9cnicas, y los ajustes del navegador que bloquean los cookies convencionales pueden no tener efecto sobre estas t\u00e9cnicas.<\/p>\n<p>&nbsp;<\/p>\n<h2><span class=\"ez-toc-section\" id=\"Uso_de_su_informacion\"><\/span>Uso de su informaci\u00f3n:<span class=\"ez-toc-section-end\"><\/span><\/h2>\n<p>Podemos utilizar su informaci\u00f3n de identificaci\u00f3n personal en diversas maneras relacionadas con su uso de nuestro sitio. Podemos de vez en cuando utilizar su informaci\u00f3n personal para enviarle informaci\u00f3n espec\u00edfica. Podemos utilizar su informaci\u00f3n de contacto, tal como su direcci\u00f3n de correo electr\u00f3nico, para enviarle nuestro newsletter o informaci\u00f3n relevante seg\u00fan su perfil.<\/p>\n<p>Algunos ejemplos del uso de informaci\u00f3n incluyen (pero no est\u00e1n limitados a):<\/p>\n<ul>\n<li>Proveer y comunicarnos con usted respecto a los Servicios o a su cuenta con nosotros.<\/li>\n<li>Hacer cumplir los t\u00e9rminos legales en caso necesario para el uso de nuestros Servicios, y\/o para los prop\u00f3sitos para los cuales usted provey\u00f3 la Informaci\u00f3n.<\/li>\n<li>Prevenir fraude o actividades potencialmente ilegales (incluyendo, pero sin limitaci\u00f3n, a la violaci\u00f3n de los derechos de autor).<\/li>\n<li>Proteger la seguridad de nuestros Usuarios.<\/li>\n<li>Efectuar an\u00e1lisis respecto a c\u00f3mo usted utiliza nuestros servicios o cualquier parte de los mismos.<\/li>\n<li>Podemos utilizar cualquier informaci\u00f3n que usted provea para investigar o asistir a cualquier autoridad con el prop\u00f3sito de proteger nuestra comunidad y pagina web.<\/li>\n<li>Como usuario registrado, usted puede optar a no recibir correos electr\u00f3nicos y o mensajes en cualquier momento. S\u00f3lo aquellos usuarios registrados que no hayan optado por no recibir esas comunicaciones recibir\u00e1n tales mensajes.<\/li>\n<li>Podemos transferir parte o toda la informaci\u00f3n si Nazarene israel, efect\u00faa una transici\u00f3n o ampliaci\u00f3n de nuestra denominaci\u00f3n religiosa.<\/li>\n<\/ul>\n<p>&nbsp;<\/p>\n<h3><span class=\"ez-toc-section\" id=\"E-mail\"><\/span><strong>E-mail:<\/strong><span class=\"ez-toc-section-end\"><\/span><\/h3>\n<p>Al utilizar las direcciones de e-mail provistas durante su registro, podemos enviar peri\u00f3dicamente e-mails a nuestros suscriptores respecto a estudios y noticias relevantes para nuestra comunidad. Si no desea recibir solicitaciones enviadas en beneficio de terceras partes, puede salir de la lista en cualquier momento desde el link listado abajo en el mismo correo informativo.<\/p>\n<p>&nbsp;<\/p>\n<h2><span class=\"ez-toc-section\" id=\"El_derecho_de_acceder_rectificar_borrar_y_retirar_su_consentimiento\"><\/span>El derecho de acceder, rectificar, borrar y retirar su consentimiento:<span class=\"ez-toc-section-end\"><\/span><\/h2>\n<p>El acceso a cierta informaci\u00f3n personal que recolectamos y mantenemos est\u00e1 a su disposici\u00f3n. Usted puede revisarla, cambiarla y borrar parte de su informaci\u00f3n personal visitando la p\u00e1gina de perfil de su cuenta.<\/p>\n<p>Usted tambi\u00e9n puede enviar un e-mail a <a href=\"mailto:contact@nazareneisrael.org\">contact@nazareneisrael.org<\/a> o llenando el formulario de contacto para cosas como pedir el acceso, correcci\u00f3nes de sus datos o que se borre su informaci\u00f3n personal. Tras lo cual actualizaremos o modificaremos sus datos personales, pero nos reservamos el derecho de utilizar cualquier informaci\u00f3n obtenida previamente para verificar su identidad o tomar otras acciones que consideremos apropiadas y legales.<\/p>\n<h3><span class=\"ez-toc-section\" id=\"Retencion_de_datos\"><\/span>Retenci\u00f3n de datos<span class=\"ez-toc-section-end\"><\/span><\/h3>\n<p>Conservaremos su informaci\u00f3n durante el tiempo que sea necesario para brindarle servicios, o seg\u00fan sea razonable y habitual dada la naturaleza de la relaci\u00f3n que tiene con Nazarene Israel. Es posible que necesitemos conservar cierta informaci\u00f3n para fines de mantenimiento de registros, y tambi\u00e9n puede haber informaci\u00f3n residual que permanecer\u00e1 dentro de nuestras bases de datos y otros registros, que no se eliminar\u00e1 de dichas ubicaciones. De lo contrario, conservaremos y utilizaremos su informaci\u00f3n seg\u00fan sea necesario para cumplir con nuestras obligaciones legales, operar\/promocionar nuestro sitio web y fomentar nuestra relaci\u00f3n con nuestros usuarios. Contamos con un plan de retenci\u00f3n y destrucci\u00f3n de datos que dicta las pol\u00edticas y procedimientos relacionados con la eliminaci\u00f3n y\/o destrucci\u00f3n de toda la informaci\u00f3n\/datos.<\/p>\n<h2><span class=\"ez-toc-section\" id=\"Privacidad_de_los_ninosnota_para_los_padres_de_ninos_que_residen_en_el_EEUU_suiza_y_el_reino_unido\"><\/span>Privacidad de los ni\u00f1os\/nota para los padres de ni\u00f1os que residen en el EEUU, suiza y el reino unido.<span class=\"ez-toc-section-end\"><\/span><\/h2>\n<p>No recopilamos, utilizamos ni divulgamos, de forma intencionada o consciente, informaci\u00f3n de identificaci\u00f3n personal sobre los visitantes de la UE a nuestro sitio web que sean menores de 16 a\u00f1os. Si un ni\u00f1o menor de 16 a\u00f1os nos env\u00eda informaci\u00f3n a trav\u00e9s de cualquier parte de los sitios web y Nazarene Israel se da cuenta de que el usuario que env\u00eda la informaci\u00f3n es menor de 16 a\u00f1os, la informaci\u00f3n proporcionada se eliminar\u00e1 tan pronto como se descubra y no se utilice. para cualquier prop\u00f3sito. Si usted es padre o tutor de un ni\u00f1o menor de 16 a\u00f1os y cree que nos ha revelado informaci\u00f3n de identificaci\u00f3n personal, comun\u00edquese con nosotros e incluya en su mensaje el mismo nombre y direcci\u00f3n de correo electr\u00f3nico que cree que envi\u00f3 su hijo, si es aplicable.<\/p>\n<p>&nbsp;<\/p>\n<h2><span class=\"ez-toc-section\" id=\"Seguridad\"><\/span>Seguridad:<span class=\"ez-toc-section-end\"><\/span><\/h2>\n<p>Aunque tomamos precauciones contra las violaciones de seguridad, los hackers son una amenaza para cualquier usuario de Internet. Nosotros haremos los esfuerzos razonables para asegurar que su informaci\u00f3n sea tratada de acuerdo con esta pol\u00edtica de privacidad.<\/p>\n<h3><span class=\"ez-toc-section\" id=\"Cambios_a_esta_politica_de_privacidad\"><\/span>Cambios a esta pol\u00edtica de privacidad<span class=\"ez-toc-section-end\"><\/span><\/h3>\n<p>Nos reservamos el derecho de revisar esta Pol\u00edtica de Privacidad en cualquier momento actualizando esta publicaci\u00f3n. Vuelva a consultar peri\u00f3dicamente para ver si ha habido alg\u00fan cambio en esta pol\u00edtica, lo cual puede determinar revisando la Fecha de vigencia que se indica a continuaci\u00f3n. Al continuar utilizando el sitio web despu\u00e9s de que esos cambios entren en vigencia, usted acepta estar sujeto a la Pol\u00edtica de Privacidad revisada.<\/p>\n<p>La Pol\u00edtica de privacidad fue actualizada el 10 de Diciembre del 2023.<\/p>\n<p>&nbsp;<\/p>\n<h2><span class=\"ez-toc-section\" id=\"Como_contactarnos\"><\/span>C\u00f3mo contactarnos<span class=\"ez-toc-section-end\"><\/span><\/h2>\n<p>Nazarene Israel es el propietario y operador del sitio web. Si necesita comunicarse con nosotros por cualquier motivo relacionado con esta Pol\u00edtica de privacidad o su uso del sitio web, comun\u00edquese con nosotros por<a href=\"https:\/\/israelnazareno.org\/contacto\/\" target=\"_blank\" rel=\"noopener\"> el formulario de contacto en este link.<\/a><\/p>\n<p>&nbsp;<\/p>\n<p>Yahweh lo bendiga.<\/p>\n","protected":false},"excerpt":{"rendered":"<p>Beit Sefer (de Nazarene Israel, nazareneisrael.com, nazareneisrael.org\/es, nazareneisrael.org\/pt, beitsefer.org ) comprende sus inquietudes sobre la privacidad y c\u00f3mo se utiliza y protege su informaci\u00f3n, y nos comprometemos a respetar los derechos de privacidad de todas los usuarios de cualquier de las p\u00e1ginas web de Nazarene Israel. Tenga en cuenta que esta Pol\u00edtica de Privacidad se [&hellip;]<\/p>\n","protected":false},"author":1,"featured_media":0,"parent":0,"menu_order":0,"comment_status":"closed","ping_status":"open","template":"","meta":{"footnotes":""},"tags":[],"class_list":["post-6030","page","type-page","status-publish","hentry"],"_links":{"self":[{"href":"https:\/\/beitsefer.org\/es\/wp-json\/wp\/v2\/pages\/6030","targetHints":{"allow":["GET"]}}],"collection":[{"href":"https:\/\/beitsefer.org\/es\/wp-json\/wp\/v2\/pages"}],"about":[{"href":"https:\/\/beitsefer.org\/es\/wp-json\/wp\/v2\/types\/page"}],"author":[{"embeddable":true,"href":"https:\/\/beitsefer.org\/es\/wp-json\/wp\/v2\/users\/1"}],"replies":[{"embeddable":true,"href":"https:\/\/beitsefer.org\/es\/wp-json\/wp\/v2\/comments?post=6030"}],"version-history":[{"count":0,"href":"https:\/\/beitsefer.org\/es\/wp-json\/wp\/v2\/pages\/6030\/revisions"}],"wp:attachment":[{"href":"https:\/\/beitsefer.org\/es\/wp-json\/wp\/v2\/media?parent=6030"}],"wp:term":[{"taxonomy":"post_tag","embeddable":true,"href":"https:\/\/beitsefer.org\/es\/wp-json\/wp\/v2\/tags?post=6030"}],"curies":[{"name":"wp","href":"https:\/\/api.w.org\/{rel}","templated":true}]}}