{"id":6013,"date":"2024-08-08T19:25:18","date_gmt":"2024-08-08T19:25:18","guid":{"rendered":"https:\/\/stickofephraim.org\/?page_id=6013"},"modified":"2024-08-08T19:27:25","modified_gmt":"2024-08-08T19:27:25","slug":"redes-sociales","status":"publish","type":"page","link":"https:\/\/beitsefer.org\/es\/redes-sociales\/","title":{"rendered":"Redes Sociales"},"content":{"rendered":"<table style=\"border-collapse: collapse; width: 100%; height: 178px;\">\n<tbody>\n<tr style=\"height: 178px;\">\n<td style=\"width: 26.7442%; height: 178px;\"><img decoding=\"async\" class=\"alignnone size-medium wp-image-2415\" src=\"https:\/\/israelnazareno.org\/wp-content\/uploads\/2024\/02\/youtube-300x212.png\" alt=\"\" width=\"300\" height=\"212\" \/><\/td>\n<td style=\"width: 73.2558%; vertical-align: middle; height: 178px;\"><span style=\"font-size: 18pt;\"><strong>Youtube<\/strong><\/span><br \/>\nVea nuestros \u00faltimos videos en nuestro canal principal<span style=\"font-size: 14pt;\"><span style=\"font-size: 12pt;\"> :<\/span><strong><a href=\"https:\/\/www.youtube.com\/channel\/UCXZw-QKTLn00PaAGS6ylYCQ\" target=\"_blank\" rel=\"noopener\"> Israel Nazareno Chanel<\/a><\/strong><\/span><br \/>\nCanal Espa\u00f1ol:<strong><span style=\"font-size: 14pt;\"><a href=\"https:\/\/www.youtube.com\/channel\/UCM4-MeqLzw6taYF9EP6C_kg\" target=\"_blank\" rel=\"noopener\"> Israel Nazareno en Espa\u00f1ol<\/a><\/span><\/strong><br \/>\nCanal Portugu\u00e9s:<span style=\"font-size: 14pt;\"> <strong><a href=\"https:\/\/www.youtube.com\/@nazareneisrael-portuguese4273\" target=\"_blank\" rel=\"noopener\">Israel Nazareno em Portugu\u00eas<\/a><\/strong><\/span><strong><span style=\"font-size: 14pt;\"><br \/>\n<\/span><\/strong><\/td>\n<\/tr>\n<\/tbody>\n<\/table>\n<p>&nbsp;<\/p>\n<table style=\"border-collapse: collapse; width: 100%; height: 140px;\">\n<tbody>\n<tr style=\"height: 140px;\">\n<td style=\"width: 26.7441%; height: 140px;\"><img decoding=\"async\" class=\"alignnone size-medium wp-image-2416\" src=\"https:\/\/israelnazareno.org\/wp-content\/uploads\/2024\/02\/Facebook-300x300.png\" alt=\"\" width=\"300\" height=\"300\" \/><\/td>\n<td style=\"width: 73.2559%; height: 140px; vertical-align: middle;\"><strong><span style=\"color: #0000ff; font-size: 18pt;\">Facebook<\/span><\/strong><br \/>\n\u00a1Aseg\u00farese de conectarse con &#8220;Me gusta&#8221; y &#8220;Seguir&#8221; a nuestra comunidad en l\u00ednea en FaceBook!<br \/>\nFacebook principal:<span style=\"font-size: 14pt;\"><strong><a href=\"https:\/\/www.facebook.com\/NazareneIsrael\/\" target=\"_blank\" rel=\"noopener\"> https:\/\/www.facebook.com\/NazareneIsrael\/<\/a><\/strong><\/span><br \/>\nFacebook en Espa\u00f1ol:<span style=\"font-size: 14pt;\"><strong><a href=\"https:\/\/www.facebook.com\/israelnazarenoespanol\/?eid=ARBRxc6JZtrjO2nxwPntw306ypSVSHVA-YJv29w-a45uCrXhD1MtSRvcdHaZ5hfzO09XQ_QD3l5_NRLK\" target=\"_blank\" rel=\"noopener\"> Israel Nazareno &#8211; Espa\u00f1ol<\/a><\/strong><\/span><br \/>\nFacebook Portugu\u00eas: <span style=\"font-size: 14pt;\"><strong><a href=\"http:\/\/facebook.com\/IsraelNazarenoPortugues\" target=\"_blank\" rel=\"noopener\">Israel Nazareno &#8211; Portugu\u00eas<\/a><\/strong><\/span><\/td>\n<\/tr>\n<\/tbody>\n<\/table>\n<p>&nbsp;<\/p>\n<table style=\"border-collapse: collapse; width: 100%;\">\n<tbody>\n<tr>\n<td style=\"width: 26.8699%;\"><img decoding=\"async\" class=\"alignnone size-medium wp-image-2417\" src=\"https:\/\/israelnazareno.org\/wp-content\/uploads\/2024\/02\/Twitter-Logo-300x246.png\" alt=\"\" width=\"300\" height=\"246\" \/><\/td>\n<td style=\"width: 73.1301%; vertical-align: middle;\"><strong><span style=\"color: #3366ff; font-size: 18pt;\">Twitter<\/span><\/strong><br \/>\nS\u00edguenos en Twitter en:<a href=\"https:\/\/twitter.com\/NazareneIsrael\" target=\"_blank\" rel=\"noopener\"> @NazarenoIsrael<\/a><\/td>\n<\/tr>\n<\/tbody>\n<\/table>\n<p>&nbsp;<\/p>\n<table style=\"border-collapse: collapse; width: 100%;\">\n<tbody>\n<tr>\n<td style=\"width: 27.0584%;\"><img decoding=\"async\" class=\"alignnone size-medium wp-image-2418\" src=\"https:\/\/israelnazareno.org\/wp-content\/uploads\/2024\/02\/instagram-300x300.png\" alt=\"\" width=\"300\" height=\"300\" \/><\/td>\n<td style=\"width: 72.9416%; vertical-align: middle;\"><span style=\"font-size: 18pt;\"><b>Instagram:<\/b><\/span><br \/>\nS\u00edganos en Instagram en:<a href=\"https:\/\/www.instagram.com\/nazarene_israel\/\" target=\"_blank\" rel=\"noopener\"> https:\/\/www.instagram.com\/nazarene_israel\/<\/a><\/td>\n<\/tr>\n<\/tbody>\n<\/table>\n<p>&nbsp;<\/p>\n","protected":false},"excerpt":{"rendered":"<p>Youtube Vea nuestros \u00faltimos videos en nuestro canal principal : Israel Nazareno Chanel Canal Espa\u00f1ol: Israel Nazareno en Espa\u00f1ol Canal Portugu\u00e9s: Israel Nazareno em Portugu\u00eas &nbsp; Facebook \u00a1Aseg\u00farese de conectarse con &#8220;Me gusta&#8221; y &#8220;Seguir&#8221; a nuestra comunidad en l\u00ednea en FaceBook! Facebook principal: https:\/\/www.facebook.com\/NazareneIsrael\/ Facebook en Espa\u00f1ol: Israel Nazareno &#8211; Espa\u00f1ol Facebook Portugu\u00eas: Israel [&hellip;]<\/p>\n","protected":false},"author":1,"featured_media":0,"parent":0,"menu_order":0,"comment_status":"closed","ping_status":"closed","template":"","meta":{"footnotes":""},"tags":[],"class_list":["post-6013","page","type-page","status-publish","hentry"],"_links":{"self":[{"href":"https:\/\/beitsefer.org\/es\/wp-json\/wp\/v2\/pages\/6013","targetHints":{"allow":["GET"]}}],"collection":[{"href":"https:\/\/beitsefer.org\/es\/wp-json\/wp\/v2\/pages"}],"about":[{"href":"https:\/\/beitsefer.org\/es\/wp-json\/wp\/v2\/types\/page"}],"author":[{"embeddable":true,"href":"https:\/\/beitsefer.org\/es\/wp-json\/wp\/v2\/users\/1"}],"replies":[{"embeddable":true,"href":"https:\/\/beitsefer.org\/es\/wp-json\/wp\/v2\/comments?post=6013"}],"version-history":[{"count":0,"href":"https:\/\/beitsefer.org\/es\/wp-json\/wp\/v2\/pages\/6013\/revisions"}],"wp:attachment":[{"href":"https:\/\/beitsefer.org\/es\/wp-json\/wp\/v2\/media?parent=6013"}],"wp:term":[{"taxonomy":"post_tag","embeddable":true,"href":"https:\/\/beitsefer.org\/es\/wp-json\/wp\/v2\/tags?post=6013"}],"curies":[{"name":"wp","href":"https:\/\/api.w.org\/{rel}","templated":true}]}}