{"id":5935,"date":"2024-07-15T21:13:06","date_gmt":"2024-07-15T21:13:06","guid":{"rendered":"https:\/\/stickofephraim.org\/acerca-de\/"},"modified":"2024-10-01T13:30:23","modified_gmt":"2024-10-01T13:30:23","slug":"acerca-de","status":"publish","type":"page","link":"https:\/\/beitsefer.org\/es\/acerca-de\/","title":{"rendered":"Acerca de"},"content":{"rendered":"\n<div id=\"ez-toc-container\" class=\"ez-toc-v2_0_82_2 counter-hierarchy ez-toc-counter ez-toc-grey ez-toc-container-direction\">\n<div class=\"ez-toc-title-container\">\n<p class=\"ez-toc-title\" style=\"cursor:inherit\">\u00cdndice<\/p>\n<span class=\"ez-toc-title-toggle\"><a href=\"#\" class=\"ez-toc-pull-right ez-toc-btn ez-toc-btn-xs ez-toc-btn-default ez-toc-toggle\" aria-label=\"Alternar tabla de contenidos\"><span class=\"ez-toc-js-icon-con\"><span class=\"\"><span class=\"eztoc-hide\" style=\"display:none;\">Toggle<\/span><span class=\"ez-toc-icon-toggle-span\"><svg style=\"fill: #999;color:#999\" xmlns=\"http:\/\/www.w3.org\/2000\/svg\" class=\"list-377408\" width=\"20px\" height=\"20px\" viewBox=\"0 0 24 24\" fill=\"none\"><path d=\"M6 6H4v2h2V6zm14 0H8v2h12V6zM4 11h2v2H4v-2zm16 0H8v2h12v-2zM4 16h2v2H4v-2zm16 0H8v2h12v-2z\" fill=\"currentColor\"><\/path><\/svg><svg style=\"fill: #999;color:#999\" class=\"arrow-unsorted-368013\" xmlns=\"http:\/\/www.w3.org\/2000\/svg\" width=\"10px\" height=\"10px\" viewBox=\"0 0 24 24\" version=\"1.2\" baseProfile=\"tiny\"><path d=\"M18.2 9.3l-6.2-6.3-6.2 6.3c-.2.2-.3.4-.3.7s.1.5.3.7c.2.2.4.3.7.3h11c.3 0 .5-.1.7-.3.2-.2.3-.5.3-.7s-.1-.5-.3-.7zM5.8 14.7l6.2 6.3 6.2-6.3c.2-.2.3-.5.3-.7s-.1-.5-.3-.7c-.2-.2-.4-.3-.7-.3h-11c-.3 0-.5.1-.7.3-.2.2-.3.5-.3.7s.1.5.3.7z\"\/><\/svg><\/span><\/span><\/span><\/a><\/span><\/div>\n<nav><ul class='ez-toc-list ez-toc-list-level-1 eztoc-toggle-hide-by-default' ><li class='ez-toc-page-1 ez-toc-heading-level-2'><a class=\"ez-toc-link ez-toc-heading-1\" href=\"https:\/\/beitsefer.org\/es\/acerca-de\/#Bienvenidos_a_Beit_Sefer\" >Bienvenidos a Beit Sefer<\/a><ul class='ez-toc-list-level-3' ><li class='ez-toc-heading-level-3'><a class=\"ez-toc-link ez-toc-heading-2\" href=\"https:\/\/beitsefer.org\/es\/acerca-de\/#Por_el_Libro\" >Por el Libro<\/a><\/li><li class='ez-toc-page-1 ez-toc-heading-level-3'><a class=\"ez-toc-link ez-toc-heading-3\" href=\"https:\/\/beitsefer.org\/es\/acerca-de\/#Las_Reglas_de_Hechos_15\" >Las Reglas de Hechos 15<\/a><\/li><\/ul><\/li><li class='ez-toc-page-1 ez-toc-heading-level-2'><a class=\"ez-toc-link ez-toc-heading-4\" href=\"https:\/\/beitsefer.org\/es\/acerca-de\/#BIENVENIDOS\" >BIENVENIDOS<\/a><\/li><\/ul><\/nav><\/div>\n<h2 class=\"wp-block-heading\"><span class=\"ez-toc-section\" id=\"Bienvenidos_a_Beit_Sefer\"><\/span><b>Bienvenidos a Beit Sefer<br><\/b><span class=\"ez-toc-section-end\"><\/span><\/h2>\n\n\n\n<p>Beit Sefer es un proyecto de Israel Nazareno, la fe apost\u00f3lica original, como se menciona en la Escritura en Hechos 24:5 y 28:22.<\/p>\n\n\n\n<blockquote class=\"wp-block-quote is-layout-flow wp-block-quote-is-layout-flow\">\n<p><strong>Ma&#8217;asei (Hechos) 24: 5<\/strong><br>5 &#8220;Porque hemos hallado que este hombre es una plaga, un creador de disensiones entre los jud\u00edos de todo el mundo, y el cabecilla de la secta de los Nazarenos&#8221;.<\/p>\n<\/blockquote>\n\n\n\n<p>Cada d\u00eda, m\u00e1s devotos Cristianos est\u00e1n despertando al hecho de que el Mes\u00edas Jud\u00edo-Israelita no vino a comenzar una nueva religi\u00f3n, o para reemplazar a Israel con el sistema de iglesias cristianas. Israel Nazareno es nuestro esfuerzo por recrear esa fe original del primer siglo, estudiando las Escrituras y aplicando Su ejemplo a nosotros mismos, como nos dice la Escritura.<\/p>\n\n\n\n<blockquote class=\"wp-block-quote is-layout-flow wp-block-quote-is-layout-flow\">\n<p><strong>Yehudah (Judas) 3<\/strong><br>3 Amados, mientras yo me esforzaba mucho en escribirles acerca de nuestra com\u00fan salvaci\u00f3n, me pareci\u00f3 necesario escribirles, exhort\u00e1ndoles a luchar ardientemente por la fe que una vez fue entregada a los santos.<\/p>\n<\/blockquote>\n\n\n\n<p>Se nos dice que los \u00faltimos tiempos ser\u00e1n ca\u00f3ticos, y que habr\u00e1 muchos tratando de enga\u00f1arnos.<\/p>\n\n\n\n<blockquote class=\"wp-block-quote is-layout-flow wp-block-quote-is-layout-flow\">\n<p><strong>Marqaus (Marcos) 13: 22-23<\/strong><br>22 Porque falsos mes\u00edas y falsos profetas se levantar\u00e1n y mostrar\u00e1n se\u00f1ales y prodigios para enga\u00f1ar, si es posible, a los elegidos.<br>Pero ten cuidado; Mira, te he dicho todas las cosas de antemano.<\/p>\n<\/blockquote>\n\n\n\n<p>Y por esto, y pensando en las futuras generaciones y en como educar en la fe original a los ni\u00f1os de Yahweh, hemos creado Beit Sefer, ideado para compartir y crear ense\u00f1anzas b\u00edblicas para toda la familia, y especialmente los ni\u00f1os, limpias de toda doctrina y error. Hermanas y hermanos nazarenos comparten y crean todo este material educativo limpio para nuestros ni\u00f1os, y queremos tambi\u00e9n bendecir a todos los padres nazarenos en esta visi\u00f3n.<\/p>\n\n\n\n<h3 class=\"wp-block-heading\"><span class=\"ez-toc-section\" id=\"Por_el_Libro\"><\/span><b>Por el Libro<\/b><span class=\"ez-toc-section-end\"><\/span><\/h3>\n\n\n\n<p>Si bien hay muchos ministerios de Ra\u00edces Hebreas, lo que distingue a Israel Nazareno es nuestro enfoque en obedecer la Palabra escrita, sin agregar ni quitar de ella.<\/p>\n\n\n\n<blockquote class=\"wp-block-quote is-layout-flow wp-block-quote-is-layout-flow\">\n<p><strong>TimaTheus Bet (2 Timoteo) 2:5<\/strong><br>5 Y tambi\u00e9n, si alguien compite en atletismo, no es coronado a menos que compita de acuerdo con las reglas.<\/p>\n<\/blockquote>\n\n\n\n<p>Por esto queremos crear material educativo para ni\u00f1os limpio de cualquier tipo de tradiciones no escriturales, desechando toda pr\u00e1ctica creada fuera de la inspiraci\u00f3n de las escrituras.<\/p>\n\n\n\n<blockquote class=\"wp-block-quote is-layout-flow wp-block-quote-is-layout-flow\">\n<p><strong>1 Timoteo 4:6-7 <\/strong><br>6 Si esto ense\u00f1as a los hermanos, ser\u00e1s buen ministro de Jesucristo, nutrido con las palabras de la fe y de la buena doctrina que has seguido.<br>7 Desecha las f\u00e1bulas profanas y de viejas. Ejerc\u00edtate para la piedad;<\/p>\n<\/blockquote>\n\n\n\n<p>&nbsp;<\/p>\n\n\n\n<figure class=\"wp-block-gallery has-nested-images columns-default is-cropped wp-block-gallery-1 is-layout-flex wp-block-gallery-is-layout-flex\">\n<figure class=\"wp-block-image size-large\"><img decoding=\"async\" width=\"1024\" height=\"754\" data-id=\"4028\" src=\"https:\/\/beitsefer.org\/wp-content\/uploads\/2024\/08\/44_Ac_02_03_RG-1024x754.jpg\" alt=\"\" class=\"wp-image-4028\" srcset=\"https:\/\/beitsefer.org\/wp-content\/uploads\/2024\/08\/44_Ac_02_03_RG-1024x754.jpg 1024w, https:\/\/beitsefer.org\/wp-content\/uploads\/2024\/08\/44_Ac_02_03_RG-300x221.jpg 300w, https:\/\/beitsefer.org\/wp-content\/uploads\/2024\/08\/44_Ac_02_03_RG-768x566.jpg 768w, https:\/\/beitsefer.org\/wp-content\/uploads\/2024\/08\/44_Ac_02_03_RG-1536x1131.jpg 1536w, https:\/\/beitsefer.org\/wp-content\/uploads\/2024\/08\/44_Ac_02_03_RG.jpg 2000w\" sizes=\"(max-width: 1024px) 100vw, 1024px\" \/><\/figure>\n\n\n\n<figure class=\"wp-block-image size-large\"><img decoding=\"async\" width=\"1024\" height=\"740\" data-id=\"4029\" src=\"https:\/\/beitsefer.org\/wp-content\/uploads\/2024\/08\/44_Ac_15_10_RG-1024x740.jpg\" alt=\"\" class=\"wp-image-4029\" srcset=\"https:\/\/beitsefer.org\/wp-content\/uploads\/2024\/08\/44_Ac_15_10_RG-1024x740.jpg 1024w, https:\/\/beitsefer.org\/wp-content\/uploads\/2024\/08\/44_Ac_15_10_RG-300x217.jpg 300w, https:\/\/beitsefer.org\/wp-content\/uploads\/2024\/08\/44_Ac_15_10_RG-768x555.jpg 768w, https:\/\/beitsefer.org\/wp-content\/uploads\/2024\/08\/44_Ac_15_10_RG-1536x1111.jpg 1536w, https:\/\/beitsefer.org\/wp-content\/uploads\/2024\/08\/44_Ac_15_10_RG.jpg 2000w\" sizes=\"(max-width: 1024px) 100vw, 1024px\" \/><\/figure>\n<\/figure>\n\n\n\n<h3 class=\"wp-block-heading\"><span class=\"ez-toc-section\" id=\"Las_Reglas_de_Hechos_15\"><\/span><b>Las Reglas de Hechos 15<\/b><span class=\"ez-toc-section-end\"><\/span><\/h3>\n\n\n\n<p>Como explicamos en nuestros estudios, Hechos 15 es muy mal entendido. Hechos 15 fue donde los ap\u00f3stoles dictaminaron que aquellos que hab\u00edan recibido el Esp\u00edritu de Yesh\u00faa pod\u00edan entrar en las sinagogas si primero obedec\u00edan cuatro preceptos claves de la Ley de Mois\u00e9s (Torah):<\/p>\n\n\n\n<ul class=\"wp-block-list\">\n<li>No idolatr\u00eda<\/li>\n\n\n\n<li>No inmoralidad sexual (incluyendo el divorcio injusto)<\/li>\n\n\n\n<li>No carne estrangulada (o impura) (Lev\u00edtico 11)<\/li>\n\n\n\n<li>No comer sangre<\/li>\n<\/ul>\n\n\n\n<p>Los ap\u00f3stoles dictaminaron que, si los nuevos conversos obedec\u00edan estos cuatro principios de la Torah, entonces podr\u00edan entrar en las sinagogas, donde podr\u00edan entrar en relaci\u00f3n con el resto del cuerpo, y aprender el resto de la Tor\u00e1 con el tiempo. Incluso en el orden de Melquisedec, requiere que entremos en relaci\u00f3n de derecho financiero con los siervos espirituales de la asamblea (diezmos, dones y ofrendas).<\/p>\n\n\n\n<blockquote class=\"wp-block-quote is-layout-flow wp-block-quote-is-layout-flow\">\n<p>Qorintim Aleph (1 Corintios 9:11)<br>11 Si hemos sembrado cosas espirituales para ustedes, \u00bfes gran cosa si cosechamos sus cosas materiales?<\/p>\n<\/blockquote>\n\n\n\n<p>El objetivo es una relaci\u00f3n donde cada uno hace su parte para promover la verdadera Buena Nueva de Yesh\u00faa. Todo el mundo contribuye, y todos los que contribuyen reciben sus bendiciones por ser fieles a Yahweh.<\/p>\n\n\n\n<blockquote class=\"wp-block-quote is-layout-flow wp-block-quote-is-layout-flow\">\n<p>Efesios 4:16<br>16 del cual el cuerpo entero, unido y tejido juntos por lo que cada articulaci\u00f3n provee, seg\u00fan el trabajo efectivo por el cual cada parte hace su propia funci\u00f3n, provoca el crecimiento del cuerpo para edificarse en amor.<\/p>\n<\/blockquote>\n\n\n\n<h2 class=\"wp-block-heading\"><span class=\"ez-toc-section\" id=\"BIENVENIDOS\"><\/span>BIENVENIDOS<span class=\"ez-toc-section-end\"><\/span><\/h2>\n\n\n\n<p class=\"has-text-align-center\">Si quieres practicar la misma fe que el Mes\u00edas Yesh\u00faa (Jes\u00fas) ense\u00f1\u00f3 a Sus ap\u00f3stoles que guardaran, y si quieres ayudar a Su sacerdocio a difundir la Buena Nueva a los cuatro rincones de la tierra, entonces bienvenido a Beit Sefer de Israel Nazareno.<\/p>\n\n\n<div class=\"wp-block-image\">\n<figure class=\"aligncenter size-large is-resized\"><img decoding=\"async\" width=\"1024\" height=\"250\" src=\"https:\/\/beitsefer.org\/wp-content\/uploads\/2024\/07\/Beitsefer-pincipal-logo-1024x250.png\" alt=\"\" class=\"wp-image-3941\" style=\"width:463px;height:auto\" srcset=\"https:\/\/beitsefer.org\/wp-content\/uploads\/2024\/07\/Beitsefer-pincipal-logo-1024x250.png 1024w, https:\/\/beitsefer.org\/wp-content\/uploads\/2024\/07\/Beitsefer-pincipal-logo-300x73.png 300w, https:\/\/beitsefer.org\/wp-content\/uploads\/2024\/07\/Beitsefer-pincipal-logo-768x188.png 768w, https:\/\/beitsefer.org\/wp-content\/uploads\/2024\/07\/Beitsefer-pincipal-logo-1536x376.png 1536w, https:\/\/beitsefer.org\/wp-content\/uploads\/2024\/07\/Beitsefer-pincipal-logo-2048x501.png 2048w\" sizes=\"(max-width: 1024px) 100vw, 1024px\" \/><\/figure>\n<\/div>\n\n\n<p><\/p>\n","protected":false},"excerpt":{"rendered":"<p>Bienvenidos a Beit Sefer Beit Sefer es un proyecto de Israel Nazareno, la fe apost\u00f3lica original, como se menciona en la Escritura en Hechos 24:5 y 28:22. Ma&#8217;asei (Hechos) 24: 55 &#8220;Porque hemos hallado que este hombre es una plaga, un creador de disensiones entre los jud\u00edos de todo el mundo, y el cabecilla de [&hellip;]<\/p>\n","protected":false},"author":1,"featured_media":0,"parent":0,"menu_order":0,"comment_status":"closed","ping_status":"open","template":"","meta":{"footnotes":""},"tags":[],"class_list":["post-5935","page","type-page","status-publish","hentry"],"_links":{"self":[{"href":"https:\/\/beitsefer.org\/es\/wp-json\/wp\/v2\/pages\/5935","targetHints":{"allow":["GET"]}}],"collection":[{"href":"https:\/\/beitsefer.org\/es\/wp-json\/wp\/v2\/pages"}],"about":[{"href":"https:\/\/beitsefer.org\/es\/wp-json\/wp\/v2\/types\/page"}],"author":[{"embeddable":true,"href":"https:\/\/beitsefer.org\/es\/wp-json\/wp\/v2\/users\/1"}],"replies":[{"embeddable":true,"href":"https:\/\/beitsefer.org\/es\/wp-json\/wp\/v2\/comments?post=5935"}],"version-history":[{"count":0,"href":"https:\/\/beitsefer.org\/es\/wp-json\/wp\/v2\/pages\/5935\/revisions"}],"wp:attachment":[{"href":"https:\/\/beitsefer.org\/es\/wp-json\/wp\/v2\/media?parent=5935"}],"wp:term":[{"taxonomy":"post_tag","embeddable":true,"href":"https:\/\/beitsefer.org\/es\/wp-json\/wp\/v2\/tags?post=5935"}],"curies":[{"name":"wp","href":"https:\/\/api.w.org\/{rel}","templated":true}]}}